{"id":685,"date":"2024-10-22T17:02:24","date_gmt":"2024-10-22T17:02:24","guid":{"rendered":"https:\/\/bajadoorsandwindows.com\/contact\/"},"modified":"2024-10-30T19:11:25","modified_gmt":"2024-10-30T19:11:25","slug":"contact","status":"publish","type":"page","link":"https:\/\/bajadoorsandwindows.com\/en\/contact\/","title":{"rendered":"Contact"},"content":{"rendered":"<div class=\"wp-block-uagb-container uagb-block-ddbe5c65 alignfull uagb-is-root-container\"><div class=\"uagb-container-inner-blocks-wrap\">\n<div class=\"wp-block-uagb-advanced-heading uagb-block-fa4e7c56\"><h1 class=\"uagb-heading-text\">CONTACT US!<\/h1><p class=\"uagb-desc-text\">We are here to help you. Contact us using the following form or any of the available methods to get more information or request a quote.<\/p><\/div>\n<\/div><\/div>\n\n\n\n<div class=\"wp-block-uagb-container uagb-block-593b363d alignfull uagb-is-root-container\"><div class=\"uagb-container-inner-blocks-wrap\">\n<div class=\"wp-block-uagb-container uagb-block-959d29cc\">\n<div class=\"wp-block-uagb-info-box uagb-block-0f614b73 uagb-infobox__content-wrap  uagb-infobox-icon-above-title uagb-infobox-image-valign-top\"><div class=\"uagb-ifb-content\"><div class=\"uagb-ifb-title-wrap\"><h5 class=\"uagb-ifb-title-prefix\"><strong>Are you looking for the best PVC windows?<\/strong><\/h5><h2 class=\"uagb-ifb-title\">Schedule a consultation.<\/h2><\/div><p class=\"uagb-ifb-desc\">Get in touch with us to schedule your appointment or request a free consultation to find the ideal solution for your needs.<\/p><\/div><\/div>\n<\/div>\n\n\n\n<div class=\"wp-block-uagb-container uagb-block-73adf101\">\n<div class=\"wp-block-uagb-advanced-heading uagb-block-715da796\"><h3 class=\"uagb-heading-text\">\u00a1SEND US A MESSAGE!<\/h3><\/div>\n\n\n\n<div class=\"wp-block-uagb-forms uagb-forms__outer-wrap uagb-block-6529de05 uagb-forms__medium-btn\"><form class=\"uagb-forms-main-form\" method=\"post\" autocomplete=\"on\" name=\"uagb-form-6529de05\" action=\"\">\n<div class=\"wp-block-uagb-forms-name uagb-forms-name-wrap uagb-forms-field-set uagb-block-4342cdcb uag-col-2\"><div class=\"uagb-forms-name-label required uagb-forms-input-label\" id=\"4342cdcb\">First Name<\/div><input type=\"text\" placeholder=\"Name\" required class=\"uagb-forms-name-input uagb-forms-input\" name=\"4342cdcb\" autocomplete=\"given-name\"\/><\/div>\n\n\n\n<div class=\"wp-block-uagb-forms-name uagb-forms-name-wrap uagb-forms-field-set uagb-block-2490a031 uag-col-2\"><div class=\"uagb-forms-name-label required uagb-forms-input-label\" id=\"2490a031\">Last Name<\/div><input type=\"text\" placeholder=\"Last name\" required class=\"uagb-forms-name-input uagb-forms-input\" name=\"2490a031\" autocomplete=\"family-name\"\/><\/div>\n\n\n\n<div class=\"wp-block-uagb-forms-email uagb-forms-email-wrap uagb-forms-field-set uagb-block-8956c58f\"><div class=\"uagb-forms-email-label  uagb-forms-input-label\" id=\"8956c58f\">Email<\/div><input type=\"email\" class=\"uagb-forms-email-input uagb-forms-input\" placeholder=\"Email\" name=\"8956c58f\" autocomplete=\"email\"\/><\/div>\n\n\n\n<div class=\"wp-block-uagb-forms-textarea uagb-forms-textarea-wrap uagb-forms-field-set uagb-block-50c883be\"><div class=\"uagb-forms-textarea-label required uagb-forms-input-label\" id=\"50c883be\">Message<\/div><textarea required class=\"uagb-forms-textarea-input uagb-forms-input\" rows=\"4\" placeholder=\"Message\" name=\"50c883be\" autocomplete=\"off\"><\/textarea><\/div>\n<div class=\"uagb-forms-form-hidden-data\"><input type=\"hidden\" class=\"uagb_forms_form_label\" value=\"Spectra Form\"\/><input type=\"hidden\" class=\"uagb_forms_form_id\" value=\"uagb-form-6529de05\"\/><\/div><div class=\"uagb-form-reacaptcha-error-6529de05\"><\/div><div class=\"uagb-forms-main-submit-button-wrap wp-block-button\"><button class=\"uagb-forms-main-submit-button wp-block-button__link\"><div class=\"uagb-forms-main-submit-button-text\">SEND<\/div><\/button><\/div><input type=\"hidden\" name=\"trp-form-language\" value=\"en\"\/><\/form><div class=\"uagb-forms-success-message-6529de05 uagb-forms-submit-message-hide\"><span>El mensaje se ha enviado correctamente. Te contactaremos lo antes posible. \u00a1Gracias!<\/span><\/div><div class=\"uagb-forms-failed-message-6529de05 uagb-forms-submit-message-hide\"><span>Ha ocurrido un error al enviar el formulario. Por favor, verifica todos los campos nuevamente.<\/span><\/div><\/div>\n<\/div>\n<\/div><\/div>\n\n\n\n<div class=\"wp-block-uagb-container uagb-block-3c795e40 alignfull uagb-is-root-container\"><div class=\"uagb-container-inner-blocks-wrap\">\n<div class=\"wp-block-uagb-image uagb-block-90ee0f2e wp-block-uagb-image--layout-default wp-block-uagb-image--effect-static wp-block-uagb-image--align-none\"><figure class=\"wp-block-uagb-image__figure\"><img loading=\"lazy\" decoding=\"async\" srcset=\"https:\/\/bajadoorsandwindows.com\/wp-content\/uploads\/2024\/10\/Diseno-sin-titulo-2.png ,https:\/\/bajadoorsandwindows.com\/wp-content\/uploads\/2024\/10\/Diseno-sin-titulo-2.png 780w, https:\/\/bajadoorsandwindows.com\/wp-content\/uploads\/2024\/10\/Diseno-sin-titulo-2.png 360w\" sizes=\"auto, (max-width: 480px) 150px\" src=\"https:\/\/bajadoorsandwindows.com\/wp-content\/uploads\/2024\/10\/Diseno-sin-titulo-2.png\" alt=\"\" class=\"uag-image-772\" width=\"600\" height=\"429\" title=\"Dise\u00f1o sin t\u00edtulo (2)\" role=\"img\"\/><\/figure><\/div>\n\n\n\n<div class=\"wp-block-uagb-info-box uagb-block-bd72b2fb uagb-infobox__content-wrap  uagb-infobox-icon-above-title uagb-infobox-image-valign-top\"><div class=\"uagb-ifb-content\"><div class=\"uagb-ifb-title-wrap\"><h4 class=\"uagb-ifb-title\"><strong>Send us a message or call us.<\/strong><br>We are here to help you. <br><br><br>Contact us today for personalized advice or to resolve any questions you may have.<\/h4><\/div><div class=\"uagb-ifb-button-wrapper wp-block-button\"><a href=\"https:\/\/wa.me\/qr\/5I6YZHWZMMESN1\" class=\"uagb-infobox-cta-link wp-block-button__link\" target=\"_self\" rel=\"noopener noreferrer\" onclick=\"return true;\"><span class=\"uagb-inline-editing\">+52 613 118 2485<\/span><svg xmlns=\"https:\/\/www.w3.org\/2000\/svg\" viewbox=\"0 0 448 512\"><path d=\"M380.9 97.1C339 55.1 283.2 32 223.9 32c-122.4 0-222 99.6-222 222 0 39.1 10.2 77.3 29.6 111L0 480l117.7-30.9c32.4 17.7 68.9 27 106.1 27h.1c122.3 0 224.1-99.6 224.1-222 0-59.3-25.2-115-67.1-157zm-157 341.6c-33.2 0-65.7-8.9-94-25.7l-6.7-4-69.8 18.3L72 359.2l-4.4-7c-18.5-29.4-28.2-63.3-28.2-98.2 0-101.7 82.8-184.5 184.6-184.5 49.3 0 95.6 19.2 130.4 54.1 34.8 34.9 56.2 81.2 56.1 130.5 0 101.8-84.9 184.6-186.6 184.6zm101.2-138.2c-5.5-2.8-32.8-16.2-37.9-18-5.1-1.9-8.8-2.8-12.5 2.8-3.7 5.6-14.3 18-17.6 21.8-3.2 3.7-6.5 4.2-12 1.4-32.6-16.3-54-29.1-75.5-66-5.7-9.8 5.7-9.1 16.3-30.3 1.8-3.7 .9-6.9-.5-9.7-1.4-2.8-12.5-30.1-17.1-41.2-4.5-10.8-9.1-9.3-12.5-9.5-3.2-.2-6.9-.2-10.6-.2-3.7 0-9.7 1.4-14.8 6.9-5.1 5.6-19.4 19-19.4 46.3 0 27.3 19.9 53.7 22.6 57.4 2.8 3.7 39.1 59.7 94.8 83.8 35.2 15.2 49 16.5 66.6 13.9 10.7-1.6 32.8-13.4 37.4-26.4 4.6-13 4.6-24.1 3.2-26.4-1.3-2.5-5-3.9-10.5-6.6z\"><\/path><\/svg><\/a><\/div><\/div><\/div>\n<\/div><\/div>\n\n\n\n<p><\/p>","protected":false},"excerpt":{"rendered":"<p>CONTACTANOS! Estamos aqu\u00ed para ayudarte. Cont\u00e1ctanos a trav\u00e9s del siguiente formulario o utiliza cualquiera de los medios disponibles para obtener m\u00e1s informaci\u00f3n o solicitar una cotizaci\u00f3n. \u00a1ENVIANOS UN MENSAJE!<\/p>","protected":false},"author":1,"featured_media":0,"parent":0,"menu_order":0,"comment_status":"closed","ping_status":"closed","template":"","meta":{"_uag_custom_page_level_css":"","site-sidebar-layout":"no-sidebar","site-content-layout":"plain-container","ast-site-content-layout":"normal-width-container","site-content-style":"unboxed","site-sidebar-style":"unboxed","ast-global-header-display":"","ast-banner-title-visibility":"","ast-main-header-display":"","ast-hfb-above-header-display":"","ast-hfb-below-header-display":"","ast-hfb-mobile-header-display":"","site-post-title":"disabled","ast-breadcrumbs-content":"","ast-featured-img":"","footer-sml-layout":"","ast-disable-related-posts":"","theme-transparent-header-meta":"enabled","adv-header-id-meta":"","stick-header-meta":"","header-above-stick-meta":"","header-main-stick-meta":"","header-below-stick-meta":"","astra-migrate-meta-layouts":"set","ast-page-background-enabled":"default","ast-page-background-meta":{"desktop":{"background-color":"var(--ast-global-color-4)","background-image":"","background-repeat":"repeat","background-position":"center center","background-size":"auto","background-attachment":"scroll","background-type":"","background-media":"","overlay-type":"","overlay-color":"","overlay-opacity":"","overlay-gradient":""},"tablet":{"background-color":"","background-image":"","background-repeat":"repeat","background-position":"center center","background-size":"auto","background-attachment":"scroll","background-type":"","background-media":"","overlay-type":"","overlay-color":"","overlay-opacity":"","overlay-gradient":""},"mobile":{"background-color":"","background-image":"","background-repeat":"repeat","background-position":"center center","background-size":"auto","background-attachment":"scroll","background-type":"","background-media":"","overlay-type":"","overlay-color":"","overlay-opacity":"","overlay-gradient":""}},"ast-content-background-meta":{"desktop":{"background-color":"var(--ast-global-color-5)","background-image":"","background-repeat":"repeat","background-position":"center center","background-size":"auto","background-attachment":"scroll","background-type":"","background-media":"","overlay-type":"","overlay-color":"","overlay-opacity":"","overlay-gradient":""},"tablet":{"background-color":"var(--ast-global-color-5)","background-image":"","background-repeat":"repeat","background-position":"center center","background-size":"auto","background-attachment":"scroll","background-type":"","background-media":"","overlay-type":"","overlay-color":"","overlay-opacity":"","overlay-gradient":""},"mobile":{"background-color":"var(--ast-global-color-5)","background-image":"","background-repeat":"repeat","background-position":"center center","background-size":"auto","background-attachment":"scroll","background-type":"","background-media":"","overlay-type":"","overlay-color":"","overlay-opacity":"","overlay-gradient":""}},"_themeisle_gutenberg_block_has_review":false,"footnotes":""},"class_list":["post-685","page","type-page","status-publish","hentry"],"yoast_head":"<!-- This site is optimized with the Yoast SEO plugin v27.4 - https:\/\/yoast.com\/product\/yoast-seo-wordpress\/ -->\n<title>Contacto - Baja Doors And Windows | PVC windows<\/title>\n<meta name=\"robots\" content=\"index, follow, max-snippet:-1, max-image-preview:large, max-video-preview:-1\" \/>\n<link rel=\"canonical\" href=\"https:\/\/bajadoorsandwindows.com\/en\/contact\/\" \/>\n<meta property=\"og:locale\" content=\"en_US\" \/>\n<meta property=\"og:type\" content=\"article\" \/>\n<meta property=\"og:title\" content=\"Contacto - Baja Doors And Windows | PVC windows\" \/>\n<meta property=\"og:description\" content=\"CONTACTANOS! Estamos aqu\u00ed para ayudarte. Cont\u00e1ctanos a trav\u00e9s del siguiente formulario o utiliza cualquiera de los medios disponibles para obtener m\u00e1s informaci\u00f3n o solicitar una cotizaci\u00f3n. \u00a1ENVIANOS UN MENSAJE!\" \/>\n<meta property=\"og:url\" content=\"https:\/\/bajadoorsandwindows.com\/en\/contact\/\" \/>\n<meta property=\"og:site_name\" content=\"Baja Doors And Windows | PVC windows\" \/>\n<meta property=\"article:publisher\" content=\"https:\/\/www.facebook.com\/profile.php?id=61567475591662\" \/>\n<meta property=\"article:modified_time\" content=\"2024-10-30T19:11:25+00:00\" \/>\n<meta property=\"og:image\" content=\"https:\/\/bajadoorsandwindows.com\/wp-content\/uploads\/2024\/10\/Diseno-sin-titulo-2.png\" \/>\n<meta name=\"twitter:card\" content=\"summary_large_image\" \/>\n<meta name=\"twitter:label1\" content=\"Est. reading time\" \/>\n\t<meta name=\"twitter:data1\" content=\"1 minute\" \/>\n<script type=\"application\/ld+json\" class=\"yoast-schema-graph\">{\"@context\":\"https:\\\/\\\/schema.org\",\"@graph\":[{\"@type\":\"WebPage\",\"@id\":\"https:\\\/\\\/bajadoorsandwindows.com\\\/contact\\\/\",\"url\":\"https:\\\/\\\/bajadoorsandwindows.com\\\/contact\\\/\",\"name\":\"Contacto - Baja Doors And Windows | PVC windows\",\"isPartOf\":{\"@id\":\"https:\\\/\\\/bajadoorsandwindows.com\\\/#website\"},\"primaryImageOfPage\":{\"@id\":\"https:\\\/\\\/bajadoorsandwindows.com\\\/contact\\\/#primaryimage\"},\"image\":{\"@id\":\"https:\\\/\\\/bajadoorsandwindows.com\\\/contact\\\/#primaryimage\"},\"thumbnailUrl\":\"https:\\\/\\\/bajadoorsandwindows.com\\\/wp-content\\\/uploads\\\/2024\\\/10\\\/Diseno-sin-titulo-2.png\",\"datePublished\":\"2024-10-22T17:02:24+00:00\",\"dateModified\":\"2024-10-30T19:11:25+00:00\",\"breadcrumb\":{\"@id\":\"https:\\\/\\\/bajadoorsandwindows.com\\\/contact\\\/#breadcrumb\"},\"inLanguage\":\"en-US\",\"potentialAction\":[{\"@type\":\"ReadAction\",\"target\":[\"https:\\\/\\\/bajadoorsandwindows.com\\\/contact\\\/\"]}]},{\"@type\":\"ImageObject\",\"inLanguage\":\"en-US\",\"@id\":\"https:\\\/\\\/bajadoorsandwindows.com\\\/contact\\\/#primaryimage\",\"url\":\"https:\\\/\\\/bajadoorsandwindows.com\\\/wp-content\\\/uploads\\\/2024\\\/10\\\/Diseno-sin-titulo-2.png\",\"contentUrl\":\"https:\\\/\\\/bajadoorsandwindows.com\\\/wp-content\\\/uploads\\\/2024\\\/10\\\/Diseno-sin-titulo-2.png\"},{\"@type\":\"BreadcrumbList\",\"@id\":\"https:\\\/\\\/bajadoorsandwindows.com\\\/contact\\\/#breadcrumb\",\"itemListElement\":[{\"@type\":\"ListItem\",\"position\":1,\"name\":\"Portada\",\"item\":\"https:\\\/\\\/bajadoorsandwindows.com\\\/\"},{\"@type\":\"ListItem\",\"position\":2,\"name\":\"Contacto\"}]},{\"@type\":\"WebSite\",\"@id\":\"https:\\\/\\\/bajadoorsandwindows.com\\\/#website\",\"url\":\"https:\\\/\\\/bajadoorsandwindows.com\\\/\",\"name\":\"Baja Doors And Windows | PVC windows\",\"description\":\"Fabricante autorizado K\u00f6mmerling\",\"publisher\":{\"@id\":\"https:\\\/\\\/bajadoorsandwindows.com\\\/#organization\"},\"potentialAction\":[{\"@type\":\"SearchAction\",\"target\":{\"@type\":\"EntryPoint\",\"urlTemplate\":\"https:\\\/\\\/bajadoorsandwindows.com\\\/?s={search_term_string}\"},\"query-input\":{\"@type\":\"PropertyValueSpecification\",\"valueRequired\":true,\"valueName\":\"search_term_string\"}}],\"inLanguage\":\"en-US\"},{\"@type\":\"Organization\",\"@id\":\"https:\\\/\\\/bajadoorsandwindows.com\\\/#organization\",\"name\":\"Baja Doors And Windows | PVC windows\",\"url\":\"https:\\\/\\\/bajadoorsandwindows.com\\\/\",\"logo\":{\"@type\":\"ImageObject\",\"inLanguage\":\"en-US\",\"@id\":\"https:\\\/\\\/bajadoorsandwindows.com\\\/#\\\/schema\\\/logo\\\/image\\\/\",\"url\":\"https:\\\/\\\/bajadoorsandwindows.com\\\/wp-content\\\/uploads\\\/2024\\\/10\\\/LOGO-PNG-SF.png\",\"contentUrl\":\"https:\\\/\\\/bajadoorsandwindows.com\\\/wp-content\\\/uploads\\\/2024\\\/10\\\/LOGO-PNG-SF.png\",\"width\":199,\"height\":278,\"caption\":\"Baja Doors And Windows | PVC windows\"},\"image\":{\"@id\":\"https:\\\/\\\/bajadoorsandwindows.com\\\/#\\\/schema\\\/logo\\\/image\\\/\"},\"sameAs\":[\"https:\\\/\\\/www.facebook.com\\\/profile.php?id=61567475591662\"]}]}<\/script>\n<!-- \/ Yoast SEO plugin. -->","yoast_head_json":{"title":"Contacto - Baja Doors And Windows | PVC windows","robots":{"index":"index","follow":"follow","max-snippet":"max-snippet:-1","max-image-preview":"max-image-preview:large","max-video-preview":"max-video-preview:-1"},"canonical":"https:\/\/bajadoorsandwindows.com\/en\/contact\/","og_locale":"en_US","og_type":"article","og_title":"Contacto - Baja Doors And Windows | PVC windows","og_description":"CONTACTANOS! Estamos aqu\u00ed para ayudarte. Cont\u00e1ctanos a trav\u00e9s del siguiente formulario o utiliza cualquiera de los medios disponibles para obtener m\u00e1s informaci\u00f3n o solicitar una cotizaci\u00f3n. \u00a1ENVIANOS UN MENSAJE!","og_url":"https:\/\/bajadoorsandwindows.com\/en\/contact\/","og_site_name":"Baja Doors And Windows | PVC windows","article_publisher":"https:\/\/www.facebook.com\/profile.php?id=61567475591662","article_modified_time":"2024-10-30T19:11:25+00:00","og_image":[{"url":"https:\/\/bajadoorsandwindows.com\/wp-content\/uploads\/2024\/10\/Diseno-sin-titulo-2.png","type":"","width":"","height":""}],"twitter_card":"summary_large_image","twitter_misc":{"Est. reading time":"1 minute"},"schema":{"@context":"https:\/\/schema.org","@graph":[{"@type":"WebPage","@id":"https:\/\/bajadoorsandwindows.com\/contact\/","url":"https:\/\/bajadoorsandwindows.com\/contact\/","name":"Contacto - Baja Doors And Windows | PVC windows","isPartOf":{"@id":"https:\/\/bajadoorsandwindows.com\/#website"},"primaryImageOfPage":{"@id":"https:\/\/bajadoorsandwindows.com\/contact\/#primaryimage"},"image":{"@id":"https:\/\/bajadoorsandwindows.com\/contact\/#primaryimage"},"thumbnailUrl":"https:\/\/bajadoorsandwindows.com\/wp-content\/uploads\/2024\/10\/Diseno-sin-titulo-2.png","datePublished":"2024-10-22T17:02:24+00:00","dateModified":"2024-10-30T19:11:25+00:00","breadcrumb":{"@id":"https:\/\/bajadoorsandwindows.com\/contact\/#breadcrumb"},"inLanguage":"en-US","potentialAction":[{"@type":"ReadAction","target":["https:\/\/bajadoorsandwindows.com\/contact\/"]}]},{"@type":"ImageObject","inLanguage":"en-US","@id":"https:\/\/bajadoorsandwindows.com\/contact\/#primaryimage","url":"https:\/\/bajadoorsandwindows.com\/wp-content\/uploads\/2024\/10\/Diseno-sin-titulo-2.png","contentUrl":"https:\/\/bajadoorsandwindows.com\/wp-content\/uploads\/2024\/10\/Diseno-sin-titulo-2.png"},{"@type":"BreadcrumbList","@id":"https:\/\/bajadoorsandwindows.com\/contact\/#breadcrumb","itemListElement":[{"@type":"ListItem","position":1,"name":"Portada","item":"https:\/\/bajadoorsandwindows.com\/"},{"@type":"ListItem","position":2,"name":"Contacto"}]},{"@type":"WebSite","@id":"https:\/\/bajadoorsandwindows.com\/#website","url":"https:\/\/bajadoorsandwindows.com\/","name":"Baja Doors And Windows | PVC windows","description":"Fabricante autorizado K\u00f6mmerling","publisher":{"@id":"https:\/\/bajadoorsandwindows.com\/#organization"},"potentialAction":[{"@type":"SearchAction","target":{"@type":"EntryPoint","urlTemplate":"https:\/\/bajadoorsandwindows.com\/?s={search_term_string}"},"query-input":{"@type":"PropertyValueSpecification","valueRequired":true,"valueName":"search_term_string"}}],"inLanguage":"en-US"},{"@type":"Organization","@id":"https:\/\/bajadoorsandwindows.com\/#organization","name":"Baja Doors And Windows | PVC windows","url":"https:\/\/bajadoorsandwindows.com\/","logo":{"@type":"ImageObject","inLanguage":"en-US","@id":"https:\/\/bajadoorsandwindows.com\/#\/schema\/logo\/image\/","url":"https:\/\/bajadoorsandwindows.com\/wp-content\/uploads\/2024\/10\/LOGO-PNG-SF.png","contentUrl":"https:\/\/bajadoorsandwindows.com\/wp-content\/uploads\/2024\/10\/LOGO-PNG-SF.png","width":199,"height":278,"caption":"Baja Doors And Windows | PVC windows"},"image":{"@id":"https:\/\/bajadoorsandwindows.com\/#\/schema\/logo\/image\/"},"sameAs":["https:\/\/www.facebook.com\/profile.php?id=61567475591662"]}]}},"uagb_featured_image_src":{"full":false,"thumbnail":false,"medium":false,"medium_large":false,"large":false,"1536x1536":false,"2048x2048":false,"trp-custom-language-flag":false},"uagb_author_info":{"display_name":"yahirmaximo18","author_link":"https:\/\/bajadoorsandwindows.com\/en\/author\/yahirmaximo18\/"},"uagb_comment_info":0,"uagb_excerpt":"CONTACTANOS! Estamos aqu\u00ed para ayudarte. Cont\u00e1ctanos a trav\u00e9s del siguiente formulario o utiliza cualquiera de los medios disponibles para obtener m\u00e1s informaci\u00f3n o solicitar una cotizaci\u00f3n. \u00a1ENVIANOS UN MENSAJE!","_links":{"self":[{"href":"https:\/\/bajadoorsandwindows.com\/en\/wp-json\/wp\/v2\/pages\/685","targetHints":{"allow":["GET"]}}],"collection":[{"href":"https:\/\/bajadoorsandwindows.com\/en\/wp-json\/wp\/v2\/pages"}],"about":[{"href":"https:\/\/bajadoorsandwindows.com\/en\/wp-json\/wp\/v2\/types\/page"}],"author":[{"embeddable":true,"href":"https:\/\/bajadoorsandwindows.com\/en\/wp-json\/wp\/v2\/users\/1"}],"replies":[{"embeddable":true,"href":"https:\/\/bajadoorsandwindows.com\/en\/wp-json\/wp\/v2\/comments?post=685"}],"version-history":[{"count":7,"href":"https:\/\/bajadoorsandwindows.com\/en\/wp-json\/wp\/v2\/pages\/685\/revisions"}],"predecessor-version":[{"id":826,"href":"https:\/\/bajadoorsandwindows.com\/en\/wp-json\/wp\/v2\/pages\/685\/revisions\/826"}],"wp:attachment":[{"href":"https:\/\/bajadoorsandwindows.com\/en\/wp-json\/wp\/v2\/media?parent=685"}],"curies":[{"name":"wp","href":"https:\/\/api.w.org\/{rel}","templated":true}]}}