{"id":12,"date":"2024-10-22T17:02:24","date_gmt":"2024-10-22T17:02:24","guid":{"rendered":"https:\/\/bajadoorsandwindows.com\/services\/"},"modified":"2024-11-05T02:18:07","modified_gmt":"2024-11-05T02:18:07","slug":"services","status":"publish","type":"page","link":"https:\/\/bajadoorsandwindows.com\/en\/services\/","title":{"rendered":"Products"},"content":{"rendered":"<div class=\"wp-block-uagb-container uagb-block-ddbe5c65 alignfull uagb-is-root-container\"><div class=\"uagb-container-inner-blocks-wrap\">\n<div class=\"wp-block-uagb-advanced-heading uagb-block-fa4e7c56\"><h1 class=\"uagb-heading-text\">Products<\/h1><p class=\"uagb-desc-text\">We offer a wide range of services related to the manufacturing and installation of PVC windows and doors, covering everything from consultation to final installation, for both residential and commercial projects.<\/p><\/div>\n<\/div><\/div>\n\n\n\n<div class=\"wp-block-uagb-container uagb-block-769b6847 alignfull uagb-is-root-container\"><div class=\"uagb-container-inner-blocks-wrap\">\n<div class=\"wp-block-uagb-advanced-heading uagb-block-49143d4d\"><h2 class=\"uagb-heading-text\">SISTEMAS<\/h2><\/div>\n\n\n\n<div class=\"wp-block-uagb-container uagb-layout-grid uagb-block-132ede22\">\n<div class=\"wp-block-uagb-info-box uagb-block-0669c3ff uagb-infobox__content-wrap  uagb-infobox-icon-above-title uagb-infobox-image-valign-top\"><div class=\"uagb-ifb-content\"><div class=\"uagb-ifb-image-content\"><img loading=\"lazy\" decoding=\"async\" src=\"https:\/\/bajadoorsandwindows.com\/wp-content\/uploads\/2024\/10\/EUROFINE-58-2.png\" alt=\"\" width=\"700\" height=\"500\"\/><\/div><div class=\"uagb-ifb-title-wrap\"><h4 class=\"uagb-ifb-title\">K\u00d6MMERLING76 AD Xtrem<\/h4><\/div><p class=\"uagb-ifb-desc\">It is a highly versatile system, compatible with the entire K\u00d6MMERLING76 Xtrem family, allowing for the manufacturing of all types of enclosures and the installation of thick glass. A true all-rounder that enhances the comfort of buildings and can also be installed in large architectural projects.<\/p><\/div><\/div>\n\n\n\n<div class=\"wp-block-uagb-info-box uagb-block-9a931b37 uagb-infobox__content-wrap  uagb-infobox-icon-above-title uagb-infobox-image-valign-top\"><div class=\"uagb-ifb-content\"><div class=\"uagb-ifb-image-content\"><img loading=\"lazy\" decoding=\"async\" src=\"https:\/\/bajadoorsandwindows.com\/wp-content\/uploads\/2024\/10\/EUROFINE-58-7.png\" alt=\"\" width=\"700\" height=\"500\"\/><\/div><div class=\"uagb-ifb-title-wrap\"><h4 class=\"uagb-ifb-title\">SISTEMA S70 EURO\u200bFINE<\/h4><\/div><p class=\"uagb-ifb-desc\">The S70 Eurofine system has been developed and manufactured according to the latest market standards, certified by the Greenline seal, 100% recyclable and lead-free, addressing the latest trends and demands in the construction sector.<\/p><\/div><\/div>\n\n\n\n<div class=\"wp-block-uagb-info-box uagb-block-15659dce uagb-infobox__content-wrap  uagb-infobox-icon-above-title uagb-infobox-image-valign-top\"><div class=\"uagb-ifb-content\"><div class=\"uagb-ifb-image-content\"><img loading=\"lazy\" decoding=\"async\" src=\"https:\/\/bajadoorsandwindows.com\/wp-content\/uploads\/2024\/10\/EUROFINE-58.png\" alt=\"\" width=\"700\" height=\"500\"\/><\/div><div class=\"uagb-ifb-title-wrap\"><h4 class=\"uagb-ifb-title\">SISTEMA EUROFINE58<\/h4><\/div><p class=\"uagb-ifb-desc\">Lightweight yet robust profiles that give the window a cutting-edge aesthetic with clean straight lines and high performance.<\/p><\/div><\/div>\n\n\n\n<div class=\"wp-block-uagb-info-box uagb-block-1855b6b9 uagb-infobox__content-wrap  uagb-infobox-icon-above-title uagb-infobox-image-valign-top\"><div class=\"uagb-ifb-content\"><div class=\"uagb-ifb-image-content\"><img loading=\"lazy\" decoding=\"async\" src=\"https:\/\/bajadoorsandwindows.com\/wp-content\/uploads\/2024\/10\/EUROFINE-58-4.png\" alt=\"\" width=\"700\" height=\"500\"\/><\/div><div class=\"uagb-ifb-title-wrap\"><h4 class=\"uagb-ifb-title\">PREMIDOOR76<\/h4><\/div><p class=\"uagb-ifb-desc\">The mechanism of this spectacular lift-and-slide door is based on the panel lifting over itself. With its high levels of insulation, it is the preferred choice for high-efficiency projects.<\/p><\/div><\/div>\n\n\n\n<div class=\"wp-block-uagb-info-box uagb-block-9f7240ab uagb-infobox__content-wrap  uagb-infobox-icon-above-title uagb-infobox-image-valign-top\"><div class=\"uagb-ifb-content\"><div class=\"uagb-ifb-image-content\"><img loading=\"lazy\" decoding=\"async\" src=\"https:\/\/bajadoorsandwindows.com\/wp-content\/uploads\/2024\/10\/EUROFINE-58-5.png\" alt=\"\" width=\"700\" height=\"500\"\/><\/div><div class=\"uagb-ifb-title-wrap\"><h4 class=\"uagb-ifb-title\">PREMILINE80<\/h4><\/div><p class=\"uagb-ifb-desc\">PremiLine is the most traditional of K\u00f6mmerling's sliding systems. It can be used for doors and windows, achieving a smooth and silent glide, thanks to its solid structure and design.<\/p><\/div><\/div>\n\n\n\n<div class=\"wp-block-uagb-info-box uagb-block-5681adcd uagb-infobox__content-wrap  uagb-infobox-icon-above-title uagb-infobox-image-valign-top\"><div class=\"uagb-ifb-content\"><div class=\"uagb-ifb-image-content\"><img loading=\"lazy\" decoding=\"async\" src=\"https:\/\/bajadoorsandwindows.com\/wp-content\/uploads\/2024\/10\/EUROFINE-58-6.png\" alt=\"\" width=\"700\" height=\"500\"\/><\/div><div class=\"uagb-ifb-title-wrap\"><h4 class=\"uagb-ifb-title\">PREMILINE58<\/h4><\/div><p class=\"uagb-ifb-desc\">This system, with a depth of 58mm, is adaptable to any space and environment. It features slim profiles with a lower height that enhance light entry. The corners of the frames and the panels, with their glazing joints and double brushes, welded through thermal fusion, ensure complete impermeability.<\/p><\/div><\/div>\n<\/div>\n\n\n\n<div class=\"wp-block-uagb-buttons uagb-buttons__outer-wrap uagb-btn__default-btn uagb-btn-tablet__default-btn uagb-btn-mobile__default-btn uagb-block-c8b8590c\"><div class=\"uagb-buttons__wrap uagb-buttons-layout-wrap\">\n<div class=\"wp-block-uagb-buttons-child uagb-buttons__outer-wrap uagb-block-182585fe wp-block-button\"><div class=\"uagb-button__wrapper\"><a class=\"uagb-buttons-repeater wp-block-button__link\" aria-label=\"\" href=\"https:\/\/bajadoorsandwindows.com\/en\/contact\/\" rel=\"follow noopener\" target=\"_self\" role=\"button\"><div class=\"uagb-button__link\">Schedule a consultation.<\/div><span class=\"uagb-button__icon uagb-button__icon-position-after\"><svg xmlns=\"https:\/\/www.w3.org\/2000\/svg\" viewbox=\"0 0 448 512\" aria-hidden=\"true\" focussable=\"false\"><path d=\"M438.6 278.6l-160 160C272.4 444.9 264.2 448 256 448s-16.38-3.125-22.62-9.375c-12.5-12.5-12.5-32.75 0-45.25L338.8 288H32C14.33 288 .0016 273.7 .0016 256S14.33 224 32 224h306.8l-105.4-105.4c-12.5-12.5-12.5-32.75 0-45.25s32.75-12.5 45.25 0l160 160C451.1 245.9 451.1 266.1 438.6 278.6z\"><\/path><\/svg><\/span><\/a><\/div><\/div>\n<\/div><\/div>\n<\/div><\/div>\n\n\n\n<div class=\"wp-block-uagb-container uagb-block-3c795e40 alignfull uagb-is-root-container\"><div class=\"uagb-container-inner-blocks-wrap\">\n<div class=\"wp-block-uagb-image uagb-block-90ee0f2e wp-block-uagb-image--layout-default wp-block-uagb-image--effect-static wp-block-uagb-image--align-none\"><figure class=\"wp-block-uagb-image__figure\"><img loading=\"lazy\" decoding=\"async\" srcset=\"https:\/\/bajadoorsandwindows.com\/wp-content\/uploads\/2024\/10\/Diseno-sin-titulo-2.png ,https:\/\/bajadoorsandwindows.com\/wp-content\/uploads\/2024\/10\/Diseno-sin-titulo-2.png 780w, https:\/\/bajadoorsandwindows.com\/wp-content\/uploads\/2024\/10\/Diseno-sin-titulo-2.png 360w\" sizes=\"auto, (max-width: 480px) 150px\" src=\"https:\/\/bajadoorsandwindows.com\/wp-content\/uploads\/2024\/10\/Diseno-sin-titulo-2.png\" alt=\"\" class=\"uag-image-772\" width=\"600\" height=\"429\" title=\"Dise\u00f1o sin t\u00edtulo (2)\" role=\"img\"\/><\/figure><\/div>\n\n\n\n<div class=\"wp-block-uagb-info-box uagb-block-bd72b2fb uagb-infobox__content-wrap  uagb-infobox-icon-above-title uagb-infobox-image-valign-top\"><div class=\"uagb-ifb-content\"><div class=\"uagb-ifb-title-wrap\"><h2 class=\"uagb-ifb-title\">We are here to help you.<br>Contact Us!<\/h2><\/div><div class=\"uagb-ifb-button-wrapper wp-block-button\"><a href=\"https:\/\/bajadoorsandwindows.com\/en\/contact\/\" class=\"uagb-infobox-cta-link wp-block-button__link\" target=\"_self\" rel=\"noopener noreferrer\" onclick=\"return true;\"><span class=\"uagb-inline-editing\">CONTACT<\/span><svg xmlns=\"https:\/\/www.w3.org\/2000\/svg\" viewbox=\"0 0 448 512\"><path d=\"M438.6 278.6l-160 160C272.4 444.9 264.2 448 256 448s-16.38-3.125-22.62-9.375c-12.5-12.5-12.5-32.75 0-45.25L338.8 288H32C14.33 288 .0016 273.7 .0016 256S14.33 224 32 224h306.8l-105.4-105.4c-12.5-12.5-12.5-32.75 0-45.25s32.75-12.5 45.25 0l160 160C451.1 245.9 451.1 266.1 438.6 278.6z\"><\/path><\/svg><\/a><\/div><\/div><\/div>\n<\/div><\/div>\n\n\n\n<p><\/p>","protected":false},"excerpt":{"rendered":"<p>PRODUCTOS Ofrecemos una amplia variedad de servicios relacionados con la fabricaci\u00f3n e instalaci\u00f3n de ventanas y puertas de PVC, abarcando desde el asesoramiento hasta la instalaci\u00f3n final, tanto para proyectos residenciales como comerciales. SISTEMAS<\/p>","protected":false},"author":1,"featured_media":0,"parent":0,"menu_order":0,"comment_status":"closed","ping_status":"closed","template":"","meta":{"_uag_custom_page_level_css":"","site-sidebar-layout":"no-sidebar","site-content-layout":"plain-container","ast-site-content-layout":"normal-width-container","site-content-style":"unboxed","site-sidebar-style":"unboxed","ast-global-header-display":"","ast-banner-title-visibility":"","ast-main-header-display":"","ast-hfb-above-header-display":"","ast-hfb-below-header-display":"","ast-hfb-mobile-header-display":"","site-post-title":"disabled","ast-breadcrumbs-content":"","ast-featured-img":"","footer-sml-layout":"","ast-disable-related-posts":"","theme-transparent-header-meta":"enabled","adv-header-id-meta":"","stick-header-meta":"","header-above-stick-meta":"","header-main-stick-meta":"","header-below-stick-meta":"","astra-migrate-meta-layouts":"set","ast-page-background-enabled":"default","ast-page-background-meta":{"desktop":{"background-color":"var(--ast-global-color-4)","background-image":"","background-repeat":"repeat","background-position":"center center","background-size":"auto","background-attachment":"scroll","background-type":"","background-media":"","overlay-type":"","overlay-color":"","overlay-opacity":"","overlay-gradient":""},"tablet":{"background-color":"","background-image":"","background-repeat":"repeat","background-position":"center center","background-size":"auto","background-attachment":"scroll","background-type":"","background-media":"","overlay-type":"","overlay-color":"","overlay-opacity":"","overlay-gradient":""},"mobile":{"background-color":"","background-image":"","background-repeat":"repeat","background-position":"center center","background-size":"auto","background-attachment":"scroll","background-type":"","background-media":"","overlay-type":"","overlay-color":"","overlay-opacity":"","overlay-gradient":""}},"ast-content-background-meta":{"desktop":{"background-color":"var(--ast-global-color-5)","background-image":"","background-repeat":"repeat","background-position":"center center","background-size":"auto","background-attachment":"scroll","background-type":"","background-media":"","overlay-type":"","overlay-color":"","overlay-opacity":"","overlay-gradient":""},"tablet":{"background-color":"var(--ast-global-color-5)","background-image":"","background-repeat":"repeat","background-position":"center center","background-size":"auto","background-attachment":"scroll","background-type":"","background-media":"","overlay-type":"","overlay-color":"","overlay-opacity":"","overlay-gradient":""},"mobile":{"background-color":"var(--ast-global-color-5)","background-image":"","background-repeat":"repeat","background-position":"center center","background-size":"auto","background-attachment":"scroll","background-type":"","background-media":"","overlay-type":"","overlay-color":"","overlay-opacity":"","overlay-gradient":""}},"_themeisle_gutenberg_block_has_review":false,"footnotes":""},"class_list":["post-12","page","type-page","status-publish","hentry"],"yoast_head":"<!-- This site is optimized with the Yoast SEO plugin v27.4 - https:\/\/yoast.com\/product\/yoast-seo-wordpress\/ -->\n<title>Productos - Baja Doors And Windows | PVC windows<\/title>\n<meta name=\"robots\" content=\"index, follow, max-snippet:-1, max-image-preview:large, max-video-preview:-1\" \/>\n<link rel=\"canonical\" href=\"https:\/\/bajadoorsandwindows.com\/en\/services\/\" \/>\n<meta property=\"og:locale\" content=\"en_US\" \/>\n<meta property=\"og:type\" content=\"article\" \/>\n<meta property=\"og:title\" content=\"Productos - Baja Doors And Windows | PVC windows\" \/>\n<meta property=\"og:description\" content=\"PRODUCTOS Ofrecemos una amplia variedad de servicios relacionados con la fabricaci\u00f3n e instalaci\u00f3n de ventanas y puertas de PVC, abarcando desde el asesoramiento hasta la instalaci\u00f3n final, tanto para proyectos residenciales como comerciales. SISTEMAS\" \/>\n<meta property=\"og:url\" content=\"https:\/\/bajadoorsandwindows.com\/en\/services\/\" \/>\n<meta property=\"og:site_name\" content=\"Baja Doors And Windows | PVC windows\" \/>\n<meta property=\"article:publisher\" content=\"https:\/\/www.facebook.com\/profile.php?id=61567475591662\" \/>\n<meta property=\"article:modified_time\" content=\"2024-11-05T02:18:07+00:00\" \/>\n<meta property=\"og:image\" content=\"https:\/\/bajadoorsandwindows.com\/wp-content\/uploads\/2024\/10\/EUROFINE-58-2.png\" \/>\n<meta name=\"twitter:card\" content=\"summary_large_image\" \/>\n<meta name=\"twitter:label1\" content=\"Est. reading time\" \/>\n\t<meta name=\"twitter:data1\" content=\"3 minutes\" \/>\n<script type=\"application\/ld+json\" class=\"yoast-schema-graph\">{\"@context\":\"https:\\\/\\\/schema.org\",\"@graph\":[{\"@type\":\"WebPage\",\"@id\":\"https:\\\/\\\/bajadoorsandwindows.com\\\/services\\\/\",\"url\":\"https:\\\/\\\/bajadoorsandwindows.com\\\/services\\\/\",\"name\":\"Productos - Baja Doors And Windows | PVC windows\",\"isPartOf\":{\"@id\":\"https:\\\/\\\/bajadoorsandwindows.com\\\/#website\"},\"primaryImageOfPage\":{\"@id\":\"https:\\\/\\\/bajadoorsandwindows.com\\\/services\\\/#primaryimage\"},\"image\":{\"@id\":\"https:\\\/\\\/bajadoorsandwindows.com\\\/services\\\/#primaryimage\"},\"thumbnailUrl\":\"https:\\\/\\\/bajadoorsandwindows.com\\\/wp-content\\\/uploads\\\/2024\\\/10\\\/EUROFINE-58-2.png\",\"datePublished\":\"2024-10-22T17:02:24+00:00\",\"dateModified\":\"2024-11-05T02:18:07+00:00\",\"breadcrumb\":{\"@id\":\"https:\\\/\\\/bajadoorsandwindows.com\\\/services\\\/#breadcrumb\"},\"inLanguage\":\"en-US\",\"potentialAction\":[{\"@type\":\"ReadAction\",\"target\":[\"https:\\\/\\\/bajadoorsandwindows.com\\\/services\\\/\"]}]},{\"@type\":\"ImageObject\",\"inLanguage\":\"en-US\",\"@id\":\"https:\\\/\\\/bajadoorsandwindows.com\\\/services\\\/#primaryimage\",\"url\":\"https:\\\/\\\/bajadoorsandwindows.com\\\/wp-content\\\/uploads\\\/2024\\\/10\\\/EUROFINE-58-2.png\",\"contentUrl\":\"https:\\\/\\\/bajadoorsandwindows.com\\\/wp-content\\\/uploads\\\/2024\\\/10\\\/EUROFINE-58-2.png\"},{\"@type\":\"BreadcrumbList\",\"@id\":\"https:\\\/\\\/bajadoorsandwindows.com\\\/services\\\/#breadcrumb\",\"itemListElement\":[{\"@type\":\"ListItem\",\"position\":1,\"name\":\"Portada\",\"item\":\"https:\\\/\\\/bajadoorsandwindows.com\\\/\"},{\"@type\":\"ListItem\",\"position\":2,\"name\":\"Productos\"}]},{\"@type\":\"WebSite\",\"@id\":\"https:\\\/\\\/bajadoorsandwindows.com\\\/#website\",\"url\":\"https:\\\/\\\/bajadoorsandwindows.com\\\/\",\"name\":\"Baja Doors And Windows | PVC windows\",\"description\":\"Fabricante autorizado K\u00f6mmerling\",\"publisher\":{\"@id\":\"https:\\\/\\\/bajadoorsandwindows.com\\\/#organization\"},\"potentialAction\":[{\"@type\":\"SearchAction\",\"target\":{\"@type\":\"EntryPoint\",\"urlTemplate\":\"https:\\\/\\\/bajadoorsandwindows.com\\\/?s={search_term_string}\"},\"query-input\":{\"@type\":\"PropertyValueSpecification\",\"valueRequired\":true,\"valueName\":\"search_term_string\"}}],\"inLanguage\":\"en-US\"},{\"@type\":\"Organization\",\"@id\":\"https:\\\/\\\/bajadoorsandwindows.com\\\/#organization\",\"name\":\"Baja Doors And Windows | PVC windows\",\"url\":\"https:\\\/\\\/bajadoorsandwindows.com\\\/\",\"logo\":{\"@type\":\"ImageObject\",\"inLanguage\":\"en-US\",\"@id\":\"https:\\\/\\\/bajadoorsandwindows.com\\\/#\\\/schema\\\/logo\\\/image\\\/\",\"url\":\"https:\\\/\\\/bajadoorsandwindows.com\\\/wp-content\\\/uploads\\\/2024\\\/10\\\/LOGO-PNG-SF.png\",\"contentUrl\":\"https:\\\/\\\/bajadoorsandwindows.com\\\/wp-content\\\/uploads\\\/2024\\\/10\\\/LOGO-PNG-SF.png\",\"width\":199,\"height\":278,\"caption\":\"Baja Doors And Windows | PVC windows\"},\"image\":{\"@id\":\"https:\\\/\\\/bajadoorsandwindows.com\\\/#\\\/schema\\\/logo\\\/image\\\/\"},\"sameAs\":[\"https:\\\/\\\/www.facebook.com\\\/profile.php?id=61567475591662\"]}]}<\/script>\n<!-- \/ Yoast SEO plugin. -->","yoast_head_json":{"title":"Productos - Baja Doors And Windows | PVC windows","robots":{"index":"index","follow":"follow","max-snippet":"max-snippet:-1","max-image-preview":"max-image-preview:large","max-video-preview":"max-video-preview:-1"},"canonical":"https:\/\/bajadoorsandwindows.com\/en\/services\/","og_locale":"en_US","og_type":"article","og_title":"Productos - Baja Doors And Windows | PVC windows","og_description":"PRODUCTOS Ofrecemos una amplia variedad de servicios relacionados con la fabricaci\u00f3n e instalaci\u00f3n de ventanas y puertas de PVC, abarcando desde el asesoramiento hasta la instalaci\u00f3n final, tanto para proyectos residenciales como comerciales. SISTEMAS","og_url":"https:\/\/bajadoorsandwindows.com\/en\/services\/","og_site_name":"Baja Doors And Windows | PVC windows","article_publisher":"https:\/\/www.facebook.com\/profile.php?id=61567475591662","article_modified_time":"2024-11-05T02:18:07+00:00","og_image":[{"url":"https:\/\/bajadoorsandwindows.com\/wp-content\/uploads\/2024\/10\/EUROFINE-58-2.png","type":"","width":"","height":""}],"twitter_card":"summary_large_image","twitter_misc":{"Est. reading time":"3 minutes"},"schema":{"@context":"https:\/\/schema.org","@graph":[{"@type":"WebPage","@id":"https:\/\/bajadoorsandwindows.com\/services\/","url":"https:\/\/bajadoorsandwindows.com\/services\/","name":"Productos - Baja Doors And Windows | PVC windows","isPartOf":{"@id":"https:\/\/bajadoorsandwindows.com\/#website"},"primaryImageOfPage":{"@id":"https:\/\/bajadoorsandwindows.com\/services\/#primaryimage"},"image":{"@id":"https:\/\/bajadoorsandwindows.com\/services\/#primaryimage"},"thumbnailUrl":"https:\/\/bajadoorsandwindows.com\/wp-content\/uploads\/2024\/10\/EUROFINE-58-2.png","datePublished":"2024-10-22T17:02:24+00:00","dateModified":"2024-11-05T02:18:07+00:00","breadcrumb":{"@id":"https:\/\/bajadoorsandwindows.com\/services\/#breadcrumb"},"inLanguage":"en-US","potentialAction":[{"@type":"ReadAction","target":["https:\/\/bajadoorsandwindows.com\/services\/"]}]},{"@type":"ImageObject","inLanguage":"en-US","@id":"https:\/\/bajadoorsandwindows.com\/services\/#primaryimage","url":"https:\/\/bajadoorsandwindows.com\/wp-content\/uploads\/2024\/10\/EUROFINE-58-2.png","contentUrl":"https:\/\/bajadoorsandwindows.com\/wp-content\/uploads\/2024\/10\/EUROFINE-58-2.png"},{"@type":"BreadcrumbList","@id":"https:\/\/bajadoorsandwindows.com\/services\/#breadcrumb","itemListElement":[{"@type":"ListItem","position":1,"name":"Portada","item":"https:\/\/bajadoorsandwindows.com\/"},{"@type":"ListItem","position":2,"name":"Productos"}]},{"@type":"WebSite","@id":"https:\/\/bajadoorsandwindows.com\/#website","url":"https:\/\/bajadoorsandwindows.com\/","name":"Baja Doors And Windows | PVC windows","description":"Fabricante autorizado K\u00f6mmerling","publisher":{"@id":"https:\/\/bajadoorsandwindows.com\/#organization"},"potentialAction":[{"@type":"SearchAction","target":{"@type":"EntryPoint","urlTemplate":"https:\/\/bajadoorsandwindows.com\/?s={search_term_string}"},"query-input":{"@type":"PropertyValueSpecification","valueRequired":true,"valueName":"search_term_string"}}],"inLanguage":"en-US"},{"@type":"Organization","@id":"https:\/\/bajadoorsandwindows.com\/#organization","name":"Baja Doors And Windows | PVC windows","url":"https:\/\/bajadoorsandwindows.com\/","logo":{"@type":"ImageObject","inLanguage":"en-US","@id":"https:\/\/bajadoorsandwindows.com\/#\/schema\/logo\/image\/","url":"https:\/\/bajadoorsandwindows.com\/wp-content\/uploads\/2024\/10\/LOGO-PNG-SF.png","contentUrl":"https:\/\/bajadoorsandwindows.com\/wp-content\/uploads\/2024\/10\/LOGO-PNG-SF.png","width":199,"height":278,"caption":"Baja Doors And Windows | PVC windows"},"image":{"@id":"https:\/\/bajadoorsandwindows.com\/#\/schema\/logo\/image\/"},"sameAs":["https:\/\/www.facebook.com\/profile.php?id=61567475591662"]}]}},"uagb_featured_image_src":{"full":false,"thumbnail":false,"medium":false,"medium_large":false,"large":false,"1536x1536":false,"2048x2048":false,"trp-custom-language-flag":false},"uagb_author_info":{"display_name":"yahirmaximo18","author_link":"https:\/\/bajadoorsandwindows.com\/en\/author\/yahirmaximo18\/"},"uagb_comment_info":0,"uagb_excerpt":"PRODUCTOS Ofrecemos una amplia variedad de servicios relacionados con la fabricaci\u00f3n e instalaci\u00f3n de ventanas y puertas de PVC, abarcando desde el asesoramiento hasta la instalaci\u00f3n final, tanto para proyectos residenciales como comerciales. SISTEMAS","_links":{"self":[{"href":"https:\/\/bajadoorsandwindows.com\/en\/wp-json\/wp\/v2\/pages\/12","targetHints":{"allow":["GET"]}}],"collection":[{"href":"https:\/\/bajadoorsandwindows.com\/en\/wp-json\/wp\/v2\/pages"}],"about":[{"href":"https:\/\/bajadoorsandwindows.com\/en\/wp-json\/wp\/v2\/types\/page"}],"author":[{"embeddable":true,"href":"https:\/\/bajadoorsandwindows.com\/en\/wp-json\/wp\/v2\/users\/1"}],"replies":[{"embeddable":true,"href":"https:\/\/bajadoorsandwindows.com\/en\/wp-json\/wp\/v2\/comments?post=12"}],"version-history":[{"count":10,"href":"https:\/\/bajadoorsandwindows.com\/en\/wp-json\/wp\/v2\/pages\/12\/revisions"}],"predecessor-version":[{"id":885,"href":"https:\/\/bajadoorsandwindows.com\/en\/wp-json\/wp\/v2\/pages\/12\/revisions\/885"}],"wp:attachment":[{"href":"https:\/\/bajadoorsandwindows.com\/en\/wp-json\/wp\/v2\/media?parent=12"}],"curies":[{"name":"wp","href":"https:\/\/api.w.org\/{rel}","templated":true}]}}